{"id":65,"date":"2026-03-04T04:36:36","date_gmt":"2026-03-04T10:36:36","guid":{"rendered":"https:\/\/lapulpe.hn\/lapulpe\/?page_id=65"},"modified":"2026-03-08T23:00:30","modified_gmt":"2026-03-09T05:00:30","slug":"construimos-historias","status":"publish","type":"page","link":"https:\/\/lapulpe.hn\/?page_id=65","title":{"rendered":"CONSTRUIMOS HISTORIAS"},"content":{"rendered":"\t\t<div data-elementor-type=\"wp-page\" data-elementor-id=\"65\" class=\"elementor elementor-65\">\n\t\t\t\t<div class=\"elementor-element elementor-element-610e4a2 e-flex e-con-boxed e-con e-parent\" data-id=\"610e4a2\" data-element_type=\"container\" data-e-type=\"container\">\n\t\t\t\t\t<div class=\"e-con-inner\">\n\t\t\t\t<div class=\"elementor-element elementor-element-bbd16be elementor-widget elementor-widget-text-editor\" data-id=\"bbd16be\" data-element_type=\"widget\" data-e-type=\"widget\" data-widget_type=\"text-editor.default\">\n\t\t\t\t\t\t\t\t\t<h1 style=\"font-size: 45px;\">CONSTRUIMOS <strong style=\"font-size: 45px;\">HISTORIAS<\/strong><\/h1>\t\t\t\t\t\t\t\t<\/div>\n\t\t\t\t\t<\/div>\n\t\t\t\t<\/div>\n\t\t<div class=\"elementor-element elementor-element-b383010 e-flex e-con-boxed e-con e-parent\" data-id=\"b383010\" data-element_type=\"container\" data-e-type=\"container\">\n\t\t\t\t\t<div class=\"e-con-inner\">\n\t\t<div class=\"elementor-element elementor-element-2b12c72 e-con-full e-flex e-con e-child\" data-id=\"2b12c72\" data-element_type=\"container\" data-e-type=\"container\">\n\t\t\t\t<div class=\"elementor-element elementor-element-c2dac0d elementor-widget elementor-widget-text-editor\" data-id=\"c2dac0d\" data-element_type=\"widget\" data-e-type=\"widget\" data-widget_type=\"text-editor.default\">\n\t\t\t\t\t\t\t\t\t<p><em><strong>Contar historias<\/strong> est\u00e1 en nuestro ADN.<\/em><\/p><p style=\"color: #f89017; font-weigh: bold;\"><strong>HISTORIAS QUE GENERAN UN CAMBIO<\/strong><\/p>\t\t\t\t\t\t\t\t<\/div>\n\t\t<div class=\"elementor-element elementor-element-b88939c e-con-full e-flex e-con e-child\" data-id=\"b88939c\" data-element_type=\"container\" data-e-type=\"container\">\n\t\t<div class=\"elementor-element elementor-element-7e836e8 e-grid e-con-full e-con e-child\" data-id=\"7e836e8\" data-element_type=\"container\" data-e-type=\"container\">\n\t\t\t\t<div class=\"elementor-element elementor-element-8e9f990 elementor-widget elementor-widget-image\" data-id=\"8e9f990\" data-element_type=\"widget\" data-e-type=\"widget\" data-widget_type=\"image.default\">\n\t\t\t\t\t\t\t\t\t\t\t\t\t\t\t<img decoding=\"async\" width=\"150\" height=\"150\" src=\"https:\/\/lapulpe.hn\/wp-content\/uploads\/2026\/02\/storypower-01-1-150x150.png\" class=\"attachment-thumbnail size-thumbnail wp-image-57\" alt=\"\" srcset=\"https:\/\/lapulpe.hn\/wp-content\/uploads\/2026\/02\/storypower-01-1-150x150.png 150w, https:\/\/lapulpe.hn\/wp-content\/uploads\/2026\/02\/storypower-01-1-300x300.png 300w, https:\/\/lapulpe.hn\/wp-content\/uploads\/2026\/02\/storypower-01-1.png 705w\" sizes=\"(max-width: 150px) 100vw, 150px\" \/>\t\t\t\t\t\t\t\t\t\t\t\t\t\t\t<\/div>\n\t\t\t\t<div class=\"elementor-element elementor-element-2df6ad8 elementor-widget elementor-widget-text-editor\" data-id=\"2df6ad8\" data-element_type=\"widget\" data-e-type=\"widget\" data-widget_type=\"text-editor.default\">\n\t\t\t\t\t\t\t\t\t<p>CONTAMOS HISTORIAS<\/p><p><strong>QUE CREAN FUTUROS<\/strong><\/p>\t\t\t\t\t\t\t\t<\/div>\n\t\t\t\t<\/div>\n\t\t\t\t<\/div>\n\t\t<div class=\"elementor-element elementor-element-536e5b8 e-con-full e-flex e-con e-child\" data-id=\"536e5b8\" data-element_type=\"container\" data-e-type=\"container\">\n\t\t\t\t<div class=\"elementor-element elementor-element-d1134fd elementor-widget elementor-widget-text-editor\" data-id=\"d1134fd\" data-element_type=\"widget\" data-e-type=\"widget\" data-widget_type=\"text-editor.default\">\n\t\t\t\t\t\t\t\t\t<h3>La guara roja es el ave nacional de Honduras que, si bien no est\u00e1 en peligro de extinci\u00f3n, se enfrenta al desplazamiento por la creciente urbanizaci\u00f3n y a la caza ilegal.<\/h3>\t\t\t\t\t\t\t\t<\/div>\n\t\t<div class=\"elementor-element elementor-element-fcd027d e-con-full e-flex e-con e-child\" data-id=\"fcd027d\" data-element_type=\"container\" data-e-type=\"container\">\n\t\t<div class=\"elementor-element elementor-element-2abd946 e-grid e-con-full e-con e-child\" data-id=\"2abd946\" data-element_type=\"container\" data-e-type=\"container\">\n\t\t\t\t<div class=\"elementor-element elementor-element-be98622 elementor-widget elementor-widget-image\" data-id=\"be98622\" data-element_type=\"widget\" data-e-type=\"widget\" data-widget_type=\"image.default\">\n\t\t\t\t\t\t\t\t\t\t\t\t\t\t\t<img decoding=\"async\" width=\"150\" height=\"150\" src=\"https:\/\/lapulpe.hn\/wp-content\/uploads\/2026\/02\/storypower-01-1-150x150.png\" class=\"attachment-thumbnail size-thumbnail wp-image-57\" alt=\"\" srcset=\"https:\/\/lapulpe.hn\/wp-content\/uploads\/2026\/02\/storypower-01-1-150x150.png 150w, https:\/\/lapulpe.hn\/wp-content\/uploads\/2026\/02\/storypower-01-1-300x300.png 300w, https:\/\/lapulpe.hn\/wp-content\/uploads\/2026\/02\/storypower-01-1.png 705w\" sizes=\"(max-width: 150px) 100vw, 150px\" \/>\t\t\t\t\t\t\t\t\t\t\t\t\t\t\t<\/div>\n\t\t\t\t<\/div>\n\t\t\t\t<\/div>\n\t\t\t\t<div class=\"elementor-element elementor-element-1f5b853 elementor-widget elementor-widget-text-editor\" data-id=\"1f5b853\" data-element_type=\"widget\" data-e-type=\"widget\" data-widget_type=\"text-editor.default\">\n\t\t\t\t\t\t\t\t\t<h3>Para generar conciencia del problema, se desarroll\u00f3 una campa\u00f1a 360\u00ba \u2013spots de tele, RP, micrositio\u2013 que incluy\u00f3 la creaci\u00f3n de un personaje, Mo, que desmenuza, de manera amena, las razones por las que no hace una buena mascota en tres animaciones cortas.<\/h3>\t\t\t\t\t\t\t\t<\/div>\n\t\t\t\t<\/div>\n\t\t\t\t<\/div>\n\t\t<div class=\"elementor-element elementor-element-c6d1c6e e-con-full e-flex e-con e-child\" data-id=\"c6d1c6e\" data-element_type=\"container\" data-e-type=\"container\">\n\t\t\t\t<div class=\"elementor-element elementor-element-4d7ca3b elementor-widget elementor-widget-image\" data-id=\"4d7ca3b\" data-element_type=\"widget\" data-e-type=\"widget\" data-widget_type=\"image.default\">\n\t\t\t\t\t\t\t\t\t\t\t\t\t\t\t<img fetchpriority=\"high\" decoding=\"async\" width=\"953\" height=\"1024\" src=\"https:\/\/lapulpe.hn\/wp-content\/uploads\/2026\/03\/slider-mo-fondo-1-953x1024.png\" class=\"attachment-large size-large wp-image-72\" alt=\"\" srcset=\"https:\/\/lapulpe.hn\/wp-content\/uploads\/2026\/03\/slider-mo-fondo-1-953x1024.png 953w, https:\/\/lapulpe.hn\/wp-content\/uploads\/2026\/03\/slider-mo-fondo-1-279x300.png 279w, https:\/\/lapulpe.hn\/wp-content\/uploads\/2026\/03\/slider-mo-fondo-1-768x826.png 768w, https:\/\/lapulpe.hn\/wp-content\/uploads\/2026\/03\/slider-mo-fondo-1-1429x1536.png 1429w, https:\/\/lapulpe.hn\/wp-content\/uploads\/2026\/03\/slider-mo-fondo-1-1905x2048.png 1905w\" sizes=\"(max-width: 953px) 100vw, 953px\" \/>\t\t\t\t\t\t\t\t\t\t\t\t\t\t\t<\/div>\n\t\t\t\t<div class=\"elementor-element elementor-element-ff85509 elementor-widget elementor-widget-image\" data-id=\"ff85509\" data-element_type=\"widget\" data-e-type=\"widget\" data-widget_type=\"image.default\">\n\t\t\t\t\t\t\t\t\t\t\t\t\t\t\t<img decoding=\"async\" width=\"300\" height=\"300\" src=\"https:\/\/lapulpe.hn\/wp-content\/uploads\/2026\/03\/construimos-guara-1-300x300.png\" class=\"attachment-medium size-medium wp-image-71\" alt=\"\" srcset=\"https:\/\/lapulpe.hn\/wp-content\/uploads\/2026\/03\/construimos-guara-1-300x300.png 300w, https:\/\/lapulpe.hn\/wp-content\/uploads\/2026\/03\/construimos-guara-1-1024x1024.png 1024w, https:\/\/lapulpe.hn\/wp-content\/uploads\/2026\/03\/construimos-guara-1-150x150.png 150w, https:\/\/lapulpe.hn\/wp-content\/uploads\/2026\/03\/construimos-guara-1-768x768.png 768w, https:\/\/lapulpe.hn\/wp-content\/uploads\/2026\/03\/construimos-guara-1-1536x1536.png 1536w, https:\/\/lapulpe.hn\/wp-content\/uploads\/2026\/03\/construimos-guara-1.png 1774w\" sizes=\"(max-width: 300px) 100vw, 300px\" \/>\t\t\t\t\t\t\t\t\t\t\t\t\t\t\t<\/div>\n\t\t\t\t<\/div>\n\t\t\t\t\t<\/div>\n\t\t\t\t<\/div>\n\t\t<div class=\"elementor-element elementor-element-64c9364 e-flex e-con-boxed e-con e-parent\" data-id=\"64c9364\" data-element_type=\"container\" data-e-type=\"container\">\n\t\t\t\t\t<div class=\"e-con-inner\">\n\t\t\t\t<div class=\"elementor-element elementor-element-1afed58 elementor-widget elementor-widget-video\" data-id=\"1afed58\" data-element_type=\"widget\" data-e-type=\"widget\" data-settings=\"{&quot;youtube_url&quot;:&quot;https:\\\/\\\/www.youtube.com\\\/watch?v=XHOmBV4js_E&quot;,&quot;video_type&quot;:&quot;youtube&quot;,&quot;controls&quot;:&quot;yes&quot;}\" data-widget_type=\"video.default\">\n\t\t\t\t\t\t\t<div class=\"elementor-wrapper elementor-open-inline\">\n\t\t\t<div class=\"elementor-video\"><\/div>\t\t<\/div>\n\t\t\t\t\t\t<\/div>\n\t\t\t\t\t<\/div>\n\t\t\t\t<\/div>\n\t\t<div class=\"elementor-element elementor-element-3307987 e-flex e-con-boxed e-con e-parent\" data-id=\"3307987\" data-element_type=\"container\" data-e-type=\"container\">\n\t\t\t\t\t<div class=\"e-con-inner\">\n\t\t<div class=\"elementor-element elementor-element-c24f93b e-con-full e-flex e-con e-child\" data-id=\"c24f93b\" data-element_type=\"container\" data-e-type=\"container\">\n\t\t\t\t<div class=\"elementor-element elementor-element-c13c045 elementor-widget elementor-widget-video\" data-id=\"c13c045\" data-element_type=\"widget\" data-e-type=\"widget\" data-settings=\"{&quot;youtube_url&quot;:&quot;https:\\\/\\\/www.youtube.com\\\/watch?v=XHOmBV4js_E&quot;,&quot;video_type&quot;:&quot;youtube&quot;,&quot;controls&quot;:&quot;yes&quot;}\" data-widget_type=\"video.default\">\n\t\t\t\t\t\t\t<div class=\"elementor-wrapper elementor-open-inline\">\n\t\t\t<div class=\"elementor-video\"><\/div>\t\t<\/div>\n\t\t\t\t\t\t<\/div>\n\t\t\t\t<\/div>\n\t\t<div class=\"elementor-element elementor-element-7ba5f41 e-con-full e-flex e-con e-child\" data-id=\"7ba5f41\" data-element_type=\"container\" data-e-type=\"container\">\n\t\t\t\t<div class=\"elementor-element elementor-element-6bb2e08 elementor-widget elementor-widget-video\" data-id=\"6bb2e08\" data-element_type=\"widget\" data-e-type=\"widget\" data-settings=\"{&quot;youtube_url&quot;:&quot;https:\\\/\\\/www.youtube.com\\\/watch?v=XHOmBV4js_E&quot;,&quot;video_type&quot;:&quot;youtube&quot;,&quot;controls&quot;:&quot;yes&quot;}\" data-widget_type=\"video.default\">\n\t\t\t\t\t\t\t<div class=\"elementor-wrapper elementor-open-inline\">\n\t\t\t<div class=\"elementor-video\"><\/div>\t\t<\/div>\n\t\t\t\t\t\t<\/div>\n\t\t\t\t<\/div>\n\t\t\t\t\t<\/div>\n\t\t\t\t<\/div>\n\t\t\t\t<\/div>\n\t\t","protected":false},"excerpt":{"rendered":"<p>CONSTRUIMOS HISTORIAS Contar historias est\u00e1 en nuestro ADN. HISTORIAS QUE GENERAN UN CAMBIO CONTAMOS HISTORIAS QUE CREAN FUTUROS La guara roja es el ave nacional de Honduras que, si bien no est\u00e1 en peligro de extinci\u00f3n, se enfrenta al desplazamiento por la creciente urbanizaci\u00f3n y a la caza ilegal. Para generar conciencia del problema, se [&hellip;]<\/p>\n","protected":false},"author":1,"featured_media":0,"parent":0,"menu_order":0,"comment_status":"closed","ping_status":"closed","template":"","meta":{"footnotes":""},"class_list":["post-65","page","type-page","status-publish","hentry"],"_links":{"self":[{"href":"https:\/\/lapulpe.hn\/index.php?rest_route=\/wp\/v2\/pages\/65","targetHints":{"allow":["GET"]}}],"collection":[{"href":"https:\/\/lapulpe.hn\/index.php?rest_route=\/wp\/v2\/pages"}],"about":[{"href":"https:\/\/lapulpe.hn\/index.php?rest_route=\/wp\/v2\/types\/page"}],"author":[{"embeddable":true,"href":"https:\/\/lapulpe.hn\/index.php?rest_route=\/wp\/v2\/users\/1"}],"replies":[{"embeddable":true,"href":"https:\/\/lapulpe.hn\/index.php?rest_route=%2Fwp%2Fv2%2Fcomments&post=65"}],"version-history":[{"count":13,"href":"https:\/\/lapulpe.hn\/index.php?rest_route=\/wp\/v2\/pages\/65\/revisions"}],"predecessor-version":[{"id":250,"href":"https:\/\/lapulpe.hn\/index.php?rest_route=\/wp\/v2\/pages\/65\/revisions\/250"}],"wp:attachment":[{"href":"https:\/\/lapulpe.hn\/index.php?rest_route=%2Fwp%2Fv2%2Fmedia&parent=65"}],"curies":[{"name":"wp","href":"https:\/\/api.w.org\/{rel}","templated":true}]}}